{"id":19,"date":"2018-08-22T13:10:43","date_gmt":"2018-08-22T13:10:43","guid":{"rendered":"http:\/\/prismatic-aussies.de\/?page_id=19"},"modified":"2022-02-03T11:08:57","modified_gmt":"2022-02-03T10:08:57","slug":"ueber-mich","status":"publish","type":"page","link":"https:\/\/www.prismatic-aussies.de\/?page_id=19","title":{"rendered":"Wer wir sind"},"content":{"rendered":"\n<p class=\"has-text-align-justify\">Eigentlich gibt\u2019s \u00fcber uns nicht so viel zu erz\u00e4hlen. Ich bin Ende 20 und komme aus dem wundersch\u00f6nen Essen. Inzwischen studiere ich Jura und wohne mit meinem Mann Christopher zusammen in Bochum. Seit nunmehr knapp 13 Jahren interessiere ich mich f\u00fcr die Rasse Australian Shepherd \u2013 damals nat\u00fcrlich noch viel zu jung f\u00fcr den ersten eigenen Hund. Der erste Aussie den ich kennenlernen durfte war Maddox \u2013 Stormbringer\u2019s Streetfighter1 \u2013 von Julia Ernesti (<a href=\"http:\/\/www.nightfall-aussies.de\">Nightfall Aussies<\/a>). Er hat mich direkt fasziniert und in seinen Bann gezogen. Aus der kleinen Gassi-Bekanntschaft wurde schnell eine Freundschaft und so habe ich erste Einblicke in die Welt der Australian Shepherds bekommen. Und schnell war klar: wenn ich eines Tages einen Hund haben werde \u2013 dann nur einen Aussie!<\/p>\n\n\n\n<div class=\"wp-block-image\"><figure class=\"aligncenter is-resized\"><img loading=\"lazy\" decoding=\"async\" src=\"https:\/\/www.prismatic-aussies.de\/wp-content\/uploads\/2018\/10\/F7A9840-Bearbeitet_1250px.png\" alt=\"\" class=\"wp-image-183\" width=\"580\" height=\"386\" srcset=\"https:\/\/www.prismatic-aussies.de\/wp-content\/uploads\/2018\/10\/F7A9840-Bearbeitet_1250px.png 1250w, https:\/\/www.prismatic-aussies.de\/wp-content\/uploads\/2018\/10\/F7A9840-Bearbeitet_1250px-300x200.png 300w, https:\/\/www.prismatic-aussies.de\/wp-content\/uploads\/2018\/10\/F7A9840-Bearbeitet_1250px-768x512.png 768w, https:\/\/www.prismatic-aussies.de\/wp-content\/uploads\/2018\/10\/F7A9840-Bearbeitet_1250px-1024x682.png 1024w\" sizes=\"(max-width: 580px) 100vw, 580px\" \/><\/figure><\/div>\n\n\n\n<p class=\"has-text-align-justify\">2016 ist dann endlich Macy \u2013 eine Maddox Enkelin und von Julia gez\u00fcchtet \u2013 bei mir zuhause eingezogen. Und seither kann ich mir ein Leben ohne Hunde nicht mehr vorstellen. Sie bringen soviel Freude und Liebe in unser Leben, geben jedem Tag einen Sinn.<\/p>\n\n\n\n<div class=\"wp-block-image\"><figure class=\"aligncenter size-large is-resized\"><img loading=\"lazy\" decoding=\"async\" src=\"https:\/\/www.prismatic-aussies.de\/wp-content\/uploads\/2022\/01\/266A1655we.png\" alt=\"\" class=\"wp-image-735\" width=\"600\" height=\"400\" srcset=\"https:\/\/www.prismatic-aussies.de\/wp-content\/uploads\/2022\/01\/266A1655we.png 1199w, https:\/\/www.prismatic-aussies.de\/wp-content\/uploads\/2022\/01\/266A1655we-300x200.png 300w, https:\/\/www.prismatic-aussies.de\/wp-content\/uploads\/2022\/01\/266A1655we-768x512.png 768w\" sizes=\"(max-width: 600px) 100vw, 600px\" \/><\/figure><\/div>\n\n\n\n<p class=\"has-text-align-justify\">Ich wei\u00df, dass meine Zukunft den Aussies gewidmet sein wird. Ich liebe einfach ihre Vielseitigkeit und ihre \u201eAlltagstauglichkeit\u201c. Ich m\u00f6chte in viele Sportarten reinschnuppern und dann die jeweils Beste f\u00fcr mich und meinen Hund w\u00e4hlen. Ich finde es faszinierend die Vorlieben meines Hundes zu erkennen und m\u00f6chte diese bestm\u00f6glich f\u00f6rdern. Mein Hund ist kein Sportger\u00e4t oder Statussymbol \u2013 er ist Familienmitglied und soll mich, wenn es geht, den ganzen Tag begleiten. Aussies sind durch ihren \u201eWill-to-please\u201c und Lernwilligkeit die perfekten Begleiter, wenn auch nicht immer ganz einfach, f\u00fcr jede nur erdenkliche Lebenslage.<\/p>\n\n\n\n<div class=\"wp-block-image\"><figure class=\"aligncenter size-large is-resized\"><img loading=\"lazy\" decoding=\"async\" src=\"https:\/\/www.prismatic-aussies.de\/wp-content\/uploads\/2020\/03\/P1860461-1024x768.jpg\" alt=\"\" class=\"wp-image-390\" width=\"512\" height=\"384\" srcset=\"https:\/\/www.prismatic-aussies.de\/wp-content\/uploads\/2020\/03\/P1860461-1024x768.jpg 1024w, https:\/\/www.prismatic-aussies.de\/wp-content\/uploads\/2020\/03\/P1860461-300x225.jpg 300w, https:\/\/www.prismatic-aussies.de\/wp-content\/uploads\/2020\/03\/P1860461-768x576.jpg 768w, https:\/\/www.prismatic-aussies.de\/wp-content\/uploads\/2020\/03\/P1860461-1536x1152.jpg 1536w, https:\/\/www.prismatic-aussies.de\/wp-content\/uploads\/2020\/03\/P1860461-2048x1536.jpg 2048w, https:\/\/www.prismatic-aussies.de\/wp-content\/uploads\/2020\/03\/P1860461-120x90.jpg 120w\" sizes=\"(max-width: 512px) 100vw, 512px\" \/><\/figure><\/div>\n\n\n\n<p>Meinen Mann Christopher musste ich nie &#8222;\u00fcberzeugen&#8220; &#8211; wir kennen uns sogar nur wegen der Hunde. Er ist mit mindestens genauso viel Herzblut bei der Sache wie ich, k\u00fcmmert sich allerdings eher um die Couch- und Kuschelausbildung der beiden. Deswegen haben wir auch zusammen entschieden, dass wir das Abenteuer Zucht wagen wollen. Wir m\u00f6chten alltagstaugliche Welpen z\u00fcchten, wesensfest und loyal, die Mitten im Leben stehen  und sich erst dort so richtig wohlf\u00fchlen. Aussies, die gesund und klar sind, mit denen man einfach alles machen kann. Aussies, die ihren Menschen ein m\u00f6glichst langes Hundeleben lang begleiten. Aussies, die vielseitig in vielen Sportarten gef\u00fchrt werden k\u00f6nnen, smart und schnell sind, konzentriert und effizient. Aussies, die ebenso auch mal abschalten und durchatmen k\u00f6nnen. <\/p>\n\n\n\n<div class=\"wp-block-image\"><figure class=\"aligncenter size-large is-resized\"><img loading=\"lazy\" decoding=\"async\" src=\"https:\/\/www.prismatic-aussies.de\/wp-content\/uploads\/2022\/01\/266A1511we.png\" alt=\"\" class=\"wp-image-729\" width=\"600\" height=\"400\" srcset=\"https:\/\/www.prismatic-aussies.de\/wp-content\/uploads\/2022\/01\/266A1511we.png 1199w, https:\/\/www.prismatic-aussies.de\/wp-content\/uploads\/2022\/01\/266A1511we-300x200.png 300w, https:\/\/www.prismatic-aussies.de\/wp-content\/uploads\/2022\/01\/266A1511we-768x512.png 768w\" sizes=\"(max-width: 600px) 100vw, 600px\" \/><\/figure><\/div>\n\n\n\n<p>Wir m\u00f6chten unsere zuk\u00fcnftigen Welpeninteressenten darauf hinweisen, dass ein Aussie in der Regel kein &#8222;normaler&#8220; Begleithund ist. Unsere Hunde wollen und werden gef\u00f6rdert. Eine konsequente Erziehung erfordert viel Arbeit und man muss sich im klaren sein, dass unter Umst\u00e4nden eine Stunde Hundeschule in der Woche nicht reichen k\u00f6nnte. Einen Welpen zu holen bedeutet, dass man im Idealfall die n\u00e4chsten 15 Jahre lang ein Versprechen abgibt. Ein Versprechen, seinem neuen Freund immer gerecht zu werden zu wollen, auch wenn das bedeutet, dass man mehr investieren muss als man urspr\u00fcnglich eingeplant hat. Wir haben hohe Anspr\u00fcche an uns und unsere Zucht, deswegen bitten wir um Verst\u00e4ndnis, wenn wir auch mal kritische Fragen stellen. Denn wir w\u00fcnschen uns nur die besten Zuhause und die besten Menschen f\u00fcr unsere Welpen!<\/p>\n\n\n\n<div class=\"wp-block-image\"><figure class=\"aligncenter size-full is-resized\"><img loading=\"lazy\" decoding=\"async\" src=\"https:\/\/www.prismatic-aussies.de\/wp-content\/uploads\/2022\/02\/IMG_6270-scaled.jpg\" alt=\"\" class=\"wp-image-806\" width=\"750\" height=\"563\" srcset=\"https:\/\/www.prismatic-aussies.de\/wp-content\/uploads\/2022\/02\/IMG_6270-scaled.jpg 2560w, https:\/\/www.prismatic-aussies.de\/wp-content\/uploads\/2022\/02\/IMG_6270-300x225.jpg 300w, https:\/\/www.prismatic-aussies.de\/wp-content\/uploads\/2022\/02\/IMG_6270-768x576.jpg 768w, https:\/\/www.prismatic-aussies.de\/wp-content\/uploads\/2022\/02\/IMG_6270-1536x1152.jpg 1536w, https:\/\/www.prismatic-aussies.de\/wp-content\/uploads\/2022\/02\/IMG_6270-2048x1536.jpg 2048w, https:\/\/www.prismatic-aussies.de\/wp-content\/uploads\/2022\/02\/IMG_6270-120x90.jpg 120w\" sizes=\"(max-width: 750px) 100vw, 750px\" \/><\/figure><\/div>\n\n\n\n<p><\/p>\n","protected":false},"excerpt":{"rendered":"<p>Eigentlich gibt\u2019s \u00fcber uns nicht so viel zu erz\u00e4hlen. Ich bin Ende 20 und komme aus dem wundersch\u00f6nen Essen. Inzwischen studiere ich Jura und wohne mit meinem Mann Christopher zusammen in Bochum. Seit nunmehr knapp 13 Jahren interessiere ich mich f\u00fcr die Rasse Australian Shepherd \u2013 damals nat\u00fcrlich noch viel zu jung f\u00fcr den ersten&hellip;<\/p>\n","protected":false},"author":1,"featured_media":0,"parent":0,"menu_order":0,"comment_status":"closed","ping_status":"closed","template":"","meta":{"jetpack_post_was_ever_published":false,"footnotes":""},"jetpack_sharing_enabled":true,"jetpack_shortlink":"https:\/\/wp.me\/PaddUO-j","_links":{"self":[{"href":"https:\/\/www.prismatic-aussies.de\/index.php?rest_route=\/wp\/v2\/pages\/19"}],"collection":[{"href":"https:\/\/www.prismatic-aussies.de\/index.php?rest_route=\/wp\/v2\/pages"}],"about":[{"href":"https:\/\/www.prismatic-aussies.de\/index.php?rest_route=\/wp\/v2\/types\/page"}],"author":[{"embeddable":true,"href":"https:\/\/www.prismatic-aussies.de\/index.php?rest_route=\/wp\/v2\/users\/1"}],"replies":[{"embeddable":true,"href":"https:\/\/www.prismatic-aussies.de\/index.php?rest_route=%2Fwp%2Fv2%2Fcomments&post=19"}],"version-history":[{"count":12,"href":"https:\/\/www.prismatic-aussies.de\/index.php?rest_route=\/wp\/v2\/pages\/19\/revisions"}],"predecessor-version":[{"id":808,"href":"https:\/\/www.prismatic-aussies.de\/index.php?rest_route=\/wp\/v2\/pages\/19\/revisions\/808"}],"wp:attachment":[{"href":"https:\/\/www.prismatic-aussies.de\/index.php?rest_route=%2Fwp%2Fv2%2Fmedia&parent=19"}],"curies":[{"name":"wp","href":"https:\/\/api.w.org\/{rel}","templated":true}]}}