{"id":6,"date":"2018-08-22T13:04:04","date_gmt":"2018-08-22T13:04:04","guid":{"rendered":"http:\/\/prismatic-aussies.de\/?page_id=6"},"modified":"2023-06-15T10:57:12","modified_gmt":"2023-06-15T08:57:12","slug":"start","status":"publish","type":"page","link":"https:\/\/www.prismatic-aussies.de\/","title":{"rendered":"Home"},"content":{"rendered":"\n<p class=\"has-text-align-center\" style=\"font-size:23px\"><strong>Willkommen bei der Prismatic Australian Shepherd Zucht aus Bochum!<\/strong><\/p>\n\n\n\n<p class=\"has-text-align-center\"><strong>Prismatic \u2013 Strahlend, Vielseitig, Farbenfroh, Facettenreich, Faszinierend.<\/strong> <\/p>\n\n\n\n<p class=\"has-text-align-center\">Es kann so vieles bedeuten &#8211; und alles trifft auf den Australian Shepherd zu!<\/p>\n\n\n<div class=\"wp-block-image\">\n<figure class=\"aligncenter size-large is-resized\"><img loading=\"lazy\" decoding=\"async\" src=\"https:\/\/www.prismatic-aussies.de\/wp-content\/uploads\/2022\/01\/266A1511we.png\" alt=\"\" class=\"wp-image-729\" width=\"757\" height=\"504\" srcset=\"https:\/\/www.prismatic-aussies.de\/wp-content\/uploads\/2022\/01\/266A1511we.png 1199w, https:\/\/www.prismatic-aussies.de\/wp-content\/uploads\/2022\/01\/266A1511we-300x200.png 300w, https:\/\/www.prismatic-aussies.de\/wp-content\/uploads\/2022\/01\/266A1511we-768x512.png 768w\" sizes=\"(max-width: 757px) 100vw, 757px\" \/><\/figure><\/div>\n\n\n<p class=\"has-text-align-justify\">Wir sind eine kleine Australian Shepherd Zucht im sch\u00f6nen Bochum! Aus dem Herzen von NRW m\u00f6chten wir fidele, gesunde, vielseitige, fr\u00f6hliche und soziale Australian Shepherds z\u00fcchten, welche von uns bestm\u00f6glich auf den Alltag als sportlicher Begleiter vorbereitet werden. F\u00fcr meinen Teil bin ich Aussie &#8211; Liebhaber durch und durch und komme geb\u00fcrtig aus der sch\u00f6nsten Stadt des Ruhrgebiets &#8211;  Essen! <\/p>\n\n\n\n<hr class=\"wp-block-separator has-css-opacity\"\/>\n\n\n<div class=\"wp-block-image\">\n<figure class=\"aligncenter size-full is-resized\"><img loading=\"lazy\" decoding=\"async\" src=\"https:\/\/www.prismatic-aussies.de\/wp-content\/uploads\/2023\/05\/Wurfankuendigung-Sway-Koda.png\" alt=\"\" class=\"wp-image-933\" width=\"738\" height=\"526\" srcset=\"https:\/\/www.prismatic-aussies.de\/wp-content\/uploads\/2023\/05\/Wurfankuendigung-Sway-Koda.png 1920w, https:\/\/www.prismatic-aussies.de\/wp-content\/uploads\/2023\/05\/Wurfankuendigung-Sway-Koda-300x214.png 300w, https:\/\/www.prismatic-aussies.de\/wp-content\/uploads\/2023\/05\/Wurfankuendigung-Sway-Koda-768x548.png 768w, https:\/\/www.prismatic-aussies.de\/wp-content\/uploads\/2023\/05\/Wurfankuendigung-Sway-Koda-1536x1097.png 1536w\" sizes=\"(max-width: 738px) 100vw, 738px\" \/><\/figure><\/div>\n\n\n<p>Unsere Welpen sind am 11.06.2023 gelandet! Zum Wurf bitte <a href=\"https:\/\/www.prismatic-aussies.de\/?page_id=775\">hier<\/a> entlang. <\/p>\n\n\n\n<p><\/p>\n\n\n<div class=\"wp-block-image\">\n<figure class=\"aligncenter size-full is-resized\"><img loading=\"lazy\" decoding=\"async\" src=\"https:\/\/www.prismatic-aussies.de\/wp-content\/uploads\/2023\/05\/DSC_2081kl.png\" alt=\"\" class=\"wp-image-944\" width=\"754\" height=\"499\" srcset=\"https:\/\/www.prismatic-aussies.de\/wp-content\/uploads\/2023\/05\/DSC_2081kl.png 2600w, https:\/\/www.prismatic-aussies.de\/wp-content\/uploads\/2023\/05\/DSC_2081kl-300x199.png 300w, https:\/\/www.prismatic-aussies.de\/wp-content\/uploads\/2023\/05\/DSC_2081kl-768x509.png 768w, https:\/\/www.prismatic-aussies.de\/wp-content\/uploads\/2023\/05\/DSC_2081kl-1536x1017.png 1536w, https:\/\/www.prismatic-aussies.de\/wp-content\/uploads\/2023\/05\/DSC_2081kl-2048x1356.png 2048w\" sizes=\"(max-width: 754px) 100vw, 754px\" \/><\/figure><\/div>\n\n\n<hr class=\"wp-block-separator has-css-opacity\"\/>\n\n\n<div class=\"wp-block-image\">\n<figure class=\"alignright size-large is-resized\"><img loading=\"lazy\" decoding=\"async\" src=\"https:\/\/www.prismatic-aussies.de\/wp-content\/uploads\/2020\/04\/DSC_1979-3000x1987.jpg\" alt=\"\" class=\"wp-image-605\" width=\"327\" height=\"216\" srcset=\"https:\/\/www.prismatic-aussies.de\/wp-content\/uploads\/2020\/04\/DSC_1979-3000x1987.jpg 3000w, https:\/\/www.prismatic-aussies.de\/wp-content\/uploads\/2020\/04\/DSC_1979-300x199.jpg 300w, https:\/\/www.prismatic-aussies.de\/wp-content\/uploads\/2020\/04\/DSC_1979-768x509.jpg 768w, https:\/\/www.prismatic-aussies.de\/wp-content\/uploads\/2020\/04\/DSC_1979-2048x1356.jpg 2048w\" sizes=\"(max-width: 327px) 100vw, 327px\" \/><\/figure><\/div>\n\n\n<p class=\"has-text-align-justify\">Unsere Welpen werden Papiere vom<a href=\"http:\/\/www.asca.org\"> Australian Shepherd Club of America <\/a> erhalten. Wir z\u00fcchten und orientieren uns hierbei an dessen Code of Ethics.<\/p>\n\n\n<div class=\"wp-block-image\">\n<figure class=\"alignleft is-resized\"><img loading=\"lazy\" decoding=\"async\" src=\"https:\/\/www.prismatic-aussies.de\/wp-content\/uploads\/2019\/04\/10Steps_Medium.png\" alt=\"\" class=\"wp-image-256\" width=\"122\" height=\"127\"\/><\/figure><\/div>\n\n\n<p class=\"has-text-align-justify\">Kritik, Fragen, Anregungen bitte gerne \u00fcber das Kontaktformular im&nbsp;<a href=\"https:\/\/www.prismatic-aussies.de\/?page_id=21\">Impressum<\/a>.<\/p>\n\n\n\n<p class=\"has-text-align-justify\">&nbsp;\u00dcbrigens sind wir als Aussie-Liebhaber und Enthusiasten Unterst\u00fctzer des &#8222;10-Steps-Program&#8220; des <a rel=\"noreferrer noopener\" aria-label=\" (\u00f6ffnet in neuem Tab)\" href=\"http:\/\/www.ashgi.org\" target=\"_blank\">ASHGI&nbsp;<\/a> &#8211; f\u00fcr die Verbesserung der Gesundheit, des Genpools und der Rasse des Australian Shepherds!<\/p>\n\n\n\n<p>Wir werden freundlicherweise von der Seite <a href=\"https:\/\/www.myaustralianshepherd.de\/\">https:\/\/www.myaustralianshepherd.de\/<\/a> unterst\u00fctzt!<\/p>\n\n\n\n<p>&nbsp;<\/p>\n","protected":false},"excerpt":{"rendered":"<p>Willkommen bei der Prismatic Australian Shepherd Zucht aus Bochum! Prismatic \u2013 Strahlend, Vielseitig, Farbenfroh, Facettenreich, Faszinierend. Es kann so vieles bedeuten &#8211; und alles trifft auf den Australian Shepherd zu! Wir sind eine kleine Australian Shepherd Zucht im sch\u00f6nen Bochum! Aus dem Herzen von NRW m\u00f6chten wir fidele, gesunde, vielseitige, fr\u00f6hliche und soziale Australian Shepherds&hellip;<\/p>\n","protected":false},"author":1,"featured_media":0,"parent":0,"menu_order":0,"comment_status":"closed","ping_status":"closed","template":"","meta":{"jetpack_post_was_ever_published":false,"footnotes":""},"jetpack_sharing_enabled":true,"jetpack_shortlink":"https:\/\/wp.me\/PaddUO-6","_links":{"self":[{"href":"https:\/\/www.prismatic-aussies.de\/index.php?rest_route=\/wp\/v2\/pages\/6"}],"collection":[{"href":"https:\/\/www.prismatic-aussies.de\/index.php?rest_route=\/wp\/v2\/pages"}],"about":[{"href":"https:\/\/www.prismatic-aussies.de\/index.php?rest_route=\/wp\/v2\/types\/page"}],"author":[{"embeddable":true,"href":"https:\/\/www.prismatic-aussies.de\/index.php?rest_route=\/wp\/v2\/users\/1"}],"replies":[{"embeddable":true,"href":"https:\/\/www.prismatic-aussies.de\/index.php?rest_route=%2Fwp%2Fv2%2Fcomments&post=6"}],"version-history":[{"count":32,"href":"https:\/\/www.prismatic-aussies.de\/index.php?rest_route=\/wp\/v2\/pages\/6\/revisions"}],"predecessor-version":[{"id":958,"href":"https:\/\/www.prismatic-aussies.de\/index.php?rest_route=\/wp\/v2\/pages\/6\/revisions\/958"}],"wp:attachment":[{"href":"https:\/\/www.prismatic-aussies.de\/index.php?rest_route=%2Fwp%2Fv2%2Fmedia&parent=6"}],"curies":[{"name":"wp","href":"https:\/\/api.w.org\/{rel}","templated":true}]}}