{"id":976,"date":"2023-06-15T12:51:34","date_gmt":"2023-06-15T10:51:34","guid":{"rendered":"https:\/\/www.prismatic-aussies.de\/?page_id=976"},"modified":"2023-06-15T12:51:34","modified_gmt":"2023-06-15T10:51:34","slug":"nachzucht","status":"publish","type":"page","link":"https:\/\/www.prismatic-aussies.de\/?page_id=976","title":{"rendered":"Nachzucht"},"content":{"rendered":"\n<figure class=\"wp-block-image size-large\"><img loading=\"lazy\" decoding=\"async\" width=\"3000\" height=\"1987\" src=\"https:\/\/www.prismatic-aussies.de\/wp-content\/uploads\/2023\/06\/DSC_3013-1-3000x1987.jpg\" alt=\"\" class=\"wp-image-968\" srcset=\"https:\/\/www.prismatic-aussies.de\/wp-content\/uploads\/2023\/06\/DSC_3013-1-3000x1987.jpg 3000w, https:\/\/www.prismatic-aussies.de\/wp-content\/uploads\/2023\/06\/DSC_3013-1-300x199.jpg 300w, https:\/\/www.prismatic-aussies.de\/wp-content\/uploads\/2023\/06\/DSC_3013-1-768x509.jpg 768w, https:\/\/www.prismatic-aussies.de\/wp-content\/uploads\/2023\/06\/DSC_3013-1-1536x1017.jpg 1536w, https:\/\/www.prismatic-aussies.de\/wp-content\/uploads\/2023\/06\/DSC_3013-1-2048x1356.jpg 2048w\" sizes=\"(max-width: 3000px) 100vw, 3000px\" \/><\/figure>\n\n\n\n<p class=\"has-text-align-center has-large-font-size\">Zuchtziel<\/p>\n\n\n\n<figure class=\"wp-block-pullquote is-style-default has-border-color has-cyan-bluish-gray-border-color has-black-color has-pale-cyan-blue-background-color has-text-color has-background\" style=\"font-style:italic;font-weight:400\"><blockquote><p>First and foremost, the Australian Shepherd is a true working stockdog, [&#8230;]<\/p><cite>Introduction to the Breed Standard of the Australian Shepherd Club of America<\/cite><\/blockquote><\/figure>\n\n\n\n<p>Wir legen gr\u00f6\u00dften Wert darauf, gesunde und vitale Australian Shepherds zu z\u00fcchten. Langlebigkeit und Belastbarkeit sind Grundvorraussetzung f\u00fcr ein m\u00f6glichst langes und erf\u00fclltes Leben in den Familien unserer Welpen. Charakterlich wollen wir Aussies z\u00fcchten, welche &#8222;back to the roots&#8220; sind: Mit viel so genanntem &#8222;Will to please&#8220;, einer guten Portion Ur-Instinkt aber dennoch der F\u00e4higkeit sich den modernen Lebensumst\u00e4nden anzupassen. Welpen, welche ihren Besitzern ein Leben lang Freude in allen Bereichen bescheren. Sei es im Sport, im Alltag, auf der Arbeit oder im Urlaub. Anpassungsf\u00e4hig und willensstark. <\/p>\n\n\n\n<p>Dies bedeutet nicht, dass unsere Welpen nur in Familien gehen welche eine Herde Schafe, Enten und Rinder zuhause haben oder den Hund t\u00e4glich 30km am Fahrrad schleifen. Wir w\u00fcnschen uns f\u00fcr unsere Welpen Familien, welche sich auf die Hunde einlassen, auf ihre individuellen Bed\u00fcrfnisse h\u00f6ren und auch bereit sind, die eigene Komfortzone zu verlassen. Menschen, welche sich bewusst sind, dass der Hund eine Aufgabe braucht &#8211; egal wie diese auch aussehen mag. <\/p>\n\n\n\n<p>Wir lehnen es ab Werbung mit Hunden zu machen, welche nur auf der Couch liegen und keine Besch\u00e4ftigung brauchen w\u00fcrden. Dies entspricht, in unserem Auge, nicht dem Rassestandard des Australian Shepherds. Die Eigenschaft, auch mal abzuschalten, ist ebenso im Naturell unserer Hunde enthalten wie eben der Arbeitswille. Mit dieser Veranlagung und einer liebevollen, konsequenten und artgerechten Erziehung sowie Besch\u00e4ftigung hat jeder Aussie die Chance, abends zufrieden neben seinem Menschen auf der Couch einzuschlafen. <\/p>\n\n\n\n<p>Selbstverst\u00e4ndlich ziehen unsere Welpen mit umfangreichen Welpenpaketen wie z.B. Halsband, Leine, Geschirr, einem Welpenpaket von Wildborn, etc. aus. <\/p>\n","protected":false},"excerpt":{"rendered":"<p>Zuchtziel First and foremost, the Australian Shepherd is a true working stockdog, [&#8230;] Introduction to the Breed Standard of the Australian Shepherd Club of America Wir legen gr\u00f6\u00dften Wert darauf, gesunde und vitale Australian Shepherds zu z\u00fcchten. Langlebigkeit und Belastbarkeit sind Grundvorraussetzung f\u00fcr ein m\u00f6glichst langes und erf\u00fclltes Leben in den Familien unserer Welpen. Charakterlich&hellip;<\/p>\n","protected":false},"author":2,"featured_media":0,"parent":0,"menu_order":0,"comment_status":"closed","ping_status":"closed","template":"","meta":{"jetpack_post_was_ever_published":false,"footnotes":""},"jetpack_sharing_enabled":true,"jetpack_shortlink":"https:\/\/wp.me\/PaddUO-fK","_links":{"self":[{"href":"https:\/\/www.prismatic-aussies.de\/index.php?rest_route=\/wp\/v2\/pages\/976"}],"collection":[{"href":"https:\/\/www.prismatic-aussies.de\/index.php?rest_route=\/wp\/v2\/pages"}],"about":[{"href":"https:\/\/www.prismatic-aussies.de\/index.php?rest_route=\/wp\/v2\/types\/page"}],"author":[{"embeddable":true,"href":"https:\/\/www.prismatic-aussies.de\/index.php?rest_route=\/wp\/v2\/users\/2"}],"replies":[{"embeddable":true,"href":"https:\/\/www.prismatic-aussies.de\/index.php?rest_route=%2Fwp%2Fv2%2Fcomments&post=976"}],"version-history":[{"count":1,"href":"https:\/\/www.prismatic-aussies.de\/index.php?rest_route=\/wp\/v2\/pages\/976\/revisions"}],"predecessor-version":[{"id":977,"href":"https:\/\/www.prismatic-aussies.de\/index.php?rest_route=\/wp\/v2\/pages\/976\/revisions\/977"}],"wp:attachment":[{"href":"https:\/\/www.prismatic-aussies.de\/index.php?rest_route=%2Fwp%2Fv2%2Fmedia&parent=976"}],"curies":[{"name":"wp","href":"https:\/\/api.w.org\/{rel}","templated":true}]}}